{"id":1505,"date":"2019-01-28T13:32:18","date_gmt":"2019-01-28T11:32:18","guid":{"rendered":"http:\/\/sangeru.europrahova.eu\/wordpress\/?page_id=1505"},"modified":"2025-12-05T11:17:04","modified_gmt":"2025-12-05T09:17:04","slug":"concursuri","status":"publish","type":"page","link":"https:\/\/sangeru.europrahova.eu\/wordpress\/concursuri\/","title":{"rendered":"Concursuri"},"content":{"rendered":"<p><a href=\"https:\/\/sangeru.europrahova.eu\/wordpress\/wp-content\/uploads\/2025\/12\/REZULTATE-FINALE-SPCLEP.pdf\">REZULTATE FINALE SPCLEP<\/a><br \/>\n<a href=\"https:\/\/sangeru.europrahova.eu\/wordpress\/wp-content\/uploads\/2025\/12\/REZULTATE-INTERVIU-SPCLEP.pdf\">REZULTATE INTERVIU SPCLEP<\/a><\/p>\n<p><a href=\"https:\/\/sangeru.europrahova.eu\/wordpress\/wp-content\/uploads\/2025\/12\/Rezultat-proba-scrisa-concurs-SPCLEP.pdf\">Rezultat proba scrisa concurs SPCLEP<\/a><br \/>\n<a href=\"https:\/\/sangeru.europrahova.eu\/wordpress\/wp-content\/uploads\/2025\/12\/Barem-concurs-SPCLEP-varianta-2.pdf\">Barem concurs SPCLEP varianta 2<\/a><br \/>\n<a href=\"https:\/\/sangeru.europrahova.eu\/wordpress\/wp-content\/uploads\/2025\/11\/REZULTATE-SELECTIA-DOSARELOR-CONCURS-03.12.2025-SPCLEP.pdf\">REZULTATE SELECTIA DOSARELOR CONCURS 03.12.2025 SPCLEP<\/a><br \/>\n<a href=\"https:\/\/sangeru.europrahova.eu\/wordpress\/wp-content\/uploads\/2025\/10\/Anunt-ocuparea-functiei-publice-de-executie-vacante-de-inspector-debutant-SPCLEP-Sangeru.pdf\">Anun\u021b ocuparea func\u021biei publice de execu\u021bie vacante de inspector, debutant, SPCLEP S\u00e2ngeru<\/a><br \/>\n<a href=\"https:\/\/sangeru.europrahova.eu\/wordpress\/wp-content\/uploads\/2025\/10\/DECLARATIE_PRELUCRARE_DATE_CU_CARACTER-_PERSONAL.pdf\">DECLARATIE_PRELUCRARE_DATE_CU_CARACTER _PERSONAL<\/a><br \/>\n<a href=\"https:\/\/sangeru.europrahova.eu\/wordpress\/wp-content\/uploads\/2025\/10\/Formular-_-inscriere-_FUNCTIE-PUBLICA.pdf\">Formular _ inscriere _FUNCTIE PUBLICA<\/a><br \/>\n<a href=\"https:\/\/sangeru.europrahova.eu\/wordpress\/wp-content\/uploads\/2025\/10\/NOTA-GDPR.pdf\">NOTA GDPR<\/a><br \/>\n<a href=\"https:\/\/sangeru.europrahova.eu\/wordpress\/wp-content\/uploads\/2024\/11\/Proces-verbal-selectie-dosare-ocupare-post-vacant-auditor-clasa-I.pdf\">Proces verbal selectie dosare ocupare post vacant auditor clasa I<\/a><br \/>\n<a href=\"https:\/\/sangeru.europrahova.eu\/wordpress\/wp-content\/uploads\/2024\/10\/Anunt-concurs-post-vacant-auditor-asistent.pdf\">Anunt concurs post vacant auditor asistent<\/a><br \/>\n<a href=\"https:\/\/sangeru.europrahova.eu\/wordpress\/wp-content\/uploads\/2024\/08\/Rezultate-finale-concurs-post-vacant-sofer-microbuz-scolar.pdf\">Rezultate finale concurs post vacant sofer microbuz scolar<\/a><br \/>\n<a href=\"https:\/\/sangeru.europrahova.eu\/wordpress\/wp-content\/uploads\/2024\/08\/Rezultate-interviu-concurs-post-vacant-sofer-microbuz-scolar.pdf\">Rezultate interviu concurs post vacant sofer microbuz scolar<\/a><br \/>\n<a href=\"https:\/\/sangeru.europrahova.eu\/wordpress\/wp-content\/uploads\/2024\/07\/Proba-practica-concurs-post-vacant-sofer-microbuz-scolar.pdf\">Proba practica concurs post vacant sofer microbuz scolar<\/a><br \/>\n<a href=\"https:\/\/sangeru.europrahova.eu\/wordpress\/wp-content\/uploads\/2024\/07\/Proces-verbal-selectie-dosare-ocupare-post-vacant-sofer.pdf\">Proces verbal selectie dosare ocupare post vacant sofer<\/a><br \/>\n<a href=\"https:\/\/sangeru.europrahova.eu\/wordpress\/wp-content\/uploads\/2024\/07\/Anunt-concurs-post-vacant-sofer-microbuz-scolar.pdf\">Anunt concurs post vacant sofer microbuz scolar<\/a><br \/>\n<a href=\"https:\/\/sangeru.europrahova.eu\/wordpress\/wp-content\/uploads\/2023\/12\/Raport-final-concurs-inspector-si-consilier-achizitii-publice-clasa-I.pdf\">Raport final concurs inspector si consilier achizitii publice clasa I<\/a><br \/>\n<a href=\"https:\/\/sangeru.europrahova.eu\/wordpress\/wp-content\/uploads\/2023\/11\/Proces-verbal-selectie-dosare-concurs-promovare-grad-profesional-Compartiment-Administratie-Locala-si-Cadastru.pdf\">Proces verbal selectie dosare concurs promovare grad profesional Compartiment Administratie Locala si Cadastru<\/a><br \/>\n<a href=\"https:\/\/sangeru.europrahova.eu\/wordpress\/wp-content\/uploads\/2023\/11\/Anunt-concurs-promovare-grad-profesional-Compartiment-Administratie-Locala-si-Cadastru.pdf\">Anunt concurs promovare grad profesional Compartiment Administratie Locala si Cadastru<\/a><br \/>\n<a href=\"https:\/\/sangeru.europrahova.eu\/wordpress\/wp-content\/uploads\/2023\/10\/Proces-verbal-selectie-dosare-functie-publica-vacanta-auditor-grad-I.pdf\">Proces verbal selectie dosare functie publica vacanta auditor grad I<\/a><br \/>\n<a href=\"https:\/\/sangeru.europrahova.eu\/wordpress\/wp-content\/uploads\/2023\/10\/Raport-final-concurs-inspector-grad-profesional-superior-clasa-I.pdf\">Raport final concurs inspector grad profesional superior clasa I<\/a><br \/>\n<a href=\"https:\/\/sangeru.europrahova.eu\/wordpress\/wp-content\/uploads\/2023\/10\/Anunt-concurs-ocupare-post-vacant-auditor-asistent-Compartiment-Audit.pdf\">Anunt concurs ocupare post vacant auditor asistent Compartiment Audit<\/a><br \/>\n<a href=\"https:\/\/sangeru.europrahova.eu\/wordpress\/wp-content\/uploads\/2023\/09\/Proces-verbal-selectie-dosare-promovare-grad-profesional.pdf\">Proces verbal selectie dosare promovare grad profesional<\/a><br \/>\n<a href=\"https:\/\/sangeru.europrahova.eu\/wordpress\/wp-content\/uploads\/2023\/09\/Anunt-concurs-promovare-grad-profesional-SPCLEP.pdf\">Anunt concurs promovare grad profesional SPCLEP<\/a><br \/>\n<a href=\"https:\/\/sangeru.europrahova.eu\/wordpress\/wp-content\/uploads\/2022\/07\/Raport-final-concurs-ocupare-post-vacant-supraveghetor-muzeu.pdf\">Raport final concurs ocupare post vacant supraveghetor muzeu<\/a><br \/>\n<a href=\"https:\/\/sangeru.europrahova.eu\/wordpress\/wp-content\/uploads\/2022\/07\/Proces-verbal-concurs-ocupare-post-vacant-supraveghetor-muzeu.pdf\">Proces verbal concurs ocupare post vacant supraveghetor muzeu<\/a><br \/>\n<a href=\"https:\/\/sangeru.europrahova.eu\/wordpress\/wp-content\/uploads\/2022\/06\/Anunt-ocupare-post-vacant-supraveghetor-muzeu.pdf\">Anunt ocupare post vacant supraveghetor muzeu<\/a><br \/>\n<a href=\"https:\/\/sangeru.europrahova.eu\/wordpress\/wp-content\/uploads\/2022\/05\/Proces-verbal-ocupare-post-vacant-auditor-grad-I.pdf\">Proces verbal ocupare post vacant auditor grad I<\/a><br \/>\n<a href=\"https:\/\/sangeru.europrahova.eu\/wordpress\/wp-content\/uploads\/2022\/04\/Anunt-ocupare-post-vacant-auditor-grad-I.pdf\">Anunt ocupare post vacant auditor grad I<\/a><br \/>\n<a href=\"https:\/\/sangeru.europrahova.eu\/wordpress\/wp-content\/uploads\/2022\/04\/Raport-final-concurs-ocupare-post-vacant-sofer-grad-II.pdf\">Raport final concurs ocupare post vacant sofer grad II<\/a><br \/>\n<a href=\"https:\/\/sangeru.europrahova.eu\/wordpress\/wp-content\/uploads\/2022\/04\/Proces-verbal-concurs-ocupare-post-vacant-sofer-grad-II.pdf\">Proces verbal concurs ocupare post vacant sofer grad II<\/a><br \/>\n<a href=\"https:\/\/sangeru.europrahova.eu\/wordpress\/wp-content\/uploads\/2022\/03\/Anunt-ocupare-post-vacant-sofer-grad-II.pdf\">Anunt ocupare post vacant sofer grad II<\/a><br \/>\n<a href=\"https:\/\/sangeru.europrahova.eu\/wordpress\/wp-content\/uploads\/2021\/11\/Raport-final-concurs-functie-publica-inspector-grad-profesional-I-RU-grad-profesional-II-Asistenta-Sociala.pdf\">Raport final concurs functie publica inspector grad profesional I RU grad profesional II Asistenta Sociala<\/a><br \/>\n<a href=\"https:\/\/sangeru.europrahova.eu\/wordpress\/wp-content\/uploads\/2021\/11\/Proces-Verbal-selectie-dosare-concurs-promovare-grad-profesional-Compartiment-Resurse-Umane-si-Asistenta-Sociala.pdf\">Proces Verbal selectie dosare concurs promovare grad profesional Compartiment Resurse Umane si Asistenta Sociala<\/a><br \/>\n<a href=\"https:\/\/sangeru.europrahova.eu\/wordpress\/wp-content\/uploads\/2021\/08\/Raport-final-concurs-functie-publica-inspector-grad-profesional-I.pdf\">Raport final concurs functie publica inspector grad profesional I<\/a><br \/>\n<a href=\"https:\/\/sangeru.europrahova.eu\/wordpress\/wp-content\/uploads\/2021\/08\/Proces-Verbal-selectie-dosare-concurs-promovare-grad-profesional.pdf\">Proces Verbal selectie dosare concurs promovare grad profesional<\/a><br \/>\n<a href=\"https:\/\/sangeru.europrahova.eu\/wordpress\/wp-content\/uploads\/2021\/07\/Anunt-promovare-grad-profesional-functionari-publici-Birou-Financiar-Contabil.pdf\">Anunt promovare grad profesional functionari publici Birou Financiar Contabil<\/a><br \/>\n<a href=\"https:\/\/sangeru.europrahova.eu\/wordpress\/wp-content\/uploads\/2020\/10\/Raport-final-concurs-promovare-grad-profesional-Agricultura-si-Cadastru.pdf\">Raport final concurs promovare grad profesional Agricultura si Cadastru<\/a><br \/>\n<a href=\"https:\/\/sangeru.europrahova.eu\/wordpress\/wp-content\/uploads\/2020\/10\/Proces-verbal-selectie-dosare-promovare-grad-profesional-Agricultura-si-Cadastru.pdf\">Proces verbal selectie dosare promovare grad profesional Agricultura si Cadastru<\/a><br \/>\n<a href=\"https:\/\/sangeru.europrahova.eu\/wordpress\/wp-content\/uploads\/2020\/09\/Anunt-promovare-grad-profesional-functionari-publici-Compartiment-Agricultura-si-Cadastru.pdf\">Anunt promovare grad profesional functionari publici Compartiment Agricultura si Cadastru<\/a><br \/>\n<a href=\"https:\/\/sangeru.europrahova.eu\/wordpress\/wp-content\/uploads\/2020\/08\/Raport-final-concurs-promovare-grad-profesional-SPCLEP.pdf\">Raport final concurs promovare grad profesional SPCLEP<\/a><br \/>\n<a href=\"https:\/\/sangeru.europrahova.eu\/wordpress\/wp-content\/uploads\/2020\/07\/Proces-verbal-selectie-dosare-promovare-grad-profesional-SPCLEP.pdf\">Proces verbal selectie dosare promovare grad profesional SPCLEP<\/a><br \/>\n<a href=\"https:\/\/sangeru.europrahova.eu\/wordpress\/wp-content\/uploads\/2020\/07\/Anunt-promovare-grad-profesional-functionari-publici-SPCLEP.pdf\">Anunt promovare grad profesional functionari publici SPCLEP<\/a><br \/>\n<a href=\"https:\/\/sangeru.europrahova.eu\/wordpress\/wp-content\/uploads\/2020\/06\/Borderou-Notare-Interviu-Conduc\u0103tor-tractor-II.pdf\">Borderou Notare Interviu Conduc\u0103tor tractor II<\/a><br \/>\n<a href=\"https:\/\/sangeru.europrahova.eu\/wordpress\/wp-content\/uploads\/2020\/06\/Raport-Final-Conduc\u0103tor-tractor-II.pdf\">Raport Final Conduc\u0103tor tractor II<\/a><br \/>\n<a href=\"https:\/\/sangeru.europrahova.eu\/wordpress\/wp-content\/uploads\/2020\/06\/Borderou-Notare-Prob\u0103-Practic\u0103-Conduc\u0103tor-tractor-II.pdf\">Borderou Notare Prob\u0103 Practic\u0103 Conduc\u0103tor tractor II<\/a><br \/>\n<a href=\"https:\/\/sangeru.europrahova.eu\/wordpress\/wp-content\/uploads\/2020\/06\/Proces-verbal-ocupare-post-vacant-conducator-tractor.pdf\">Proces verbal ocupare post vacant conducator tractor<\/a><br \/>\n<a href=\"https:\/\/sangeru.europrahova.eu\/wordpress\/wp-content\/uploads\/2020\/05\/Anunt-ocupare-post-vacant-conducator-tractor.pdf\">Anunt ocupare post vacant conducator tractor<\/a><br \/>\n<a href=\"https:\/\/sangeru.europrahova.eu\/wordpress\/wp-content\/uploads\/2019\/05\/Borderou-rezultat-final-concurs-promovare-grad-profesional-Politia-Locala.pdf\">Borderou rezultat final concurs promovare grad profesional Politia Locala<\/a><br \/>\n<a href=\"https:\/\/sangeru.europrahova.eu\/wordpress\/wp-content\/uploads\/2019\/05\/Proces-Verbal-selectie-dosar-promovare-grad-profesional-Politia-Locala.pdf\">Proces Verbal selectie dosar promovare grad profesional Politia Locala<\/a><br \/>\n<a href=\"https:\/\/sangeru.europrahova.eu\/wordpress\/wp-content\/uploads\/2019\/04\/Rezultat-final-concurs-promovare-grad-profesional-Birou-Financiar-Contabil.pdf\">Rezultat final concurs promovare grad profesional Birou Financiar Contabil<\/a><br \/>\n<a href=\"https:\/\/sangeru.europrahova.eu\/wordpress\/wp-content\/uploads\/2019\/04\/Anunt-promovare-grad-profesional-Politia-Locala-Sangeru.pdf\">Anunt promovare grad profesional Politia Locala Sangeru<\/a><br \/>\n<a href=\"https:\/\/sangeru.europrahova.eu\/wordpress\/wp-content\/uploads\/2019\/04\/PV-selectie-dosar-promovare-grad-profesional-Birou-Financiar-Contabil.pdf\">PV selectie dosar promovare grad profesional Birou Financiar Contabil<\/a><br \/>\n<a href=\"https:\/\/sangeru.europrahova.eu\/wordpress\/wp-content\/uploads\/2019\/04\/Concurs-promovare-grad-profesional-Birou-Financiar-Contabil.pdf\">Concurs promovare grad profesional Birou Financiar Contabil<\/a><\/p>\n","protected":false},"excerpt":{"rendered":"<p>REZULTATE FINALE SPCLEP REZULTATE INTERVIU SPCLEP Rezultat proba scrisa concurs SPCLEP Barem concurs SPCLEP varianta 2 REZULTATE SELECTIA DOSARELOR CONCURS 03.12.2025 SPCLEP Anun\u021b ocuparea func\u021biei publice de execu\u021bie vacante de inspector, debutant, SPCLEP S\u00e2ngeru DECLARATIE_PRELUCRARE_DATE_CU_CARACTER _PERSONAL Formular _ inscriere _FUNCTIE PUBLICA NOTA GDPR Proces verbal selectie dosare ocupare post vacant auditor clasa I Anunt concurs <a class=\"continue\" href=\"https:\/\/sangeru.europrahova.eu\/wordpress\/concursuri\/\">[Continue]<\/a><\/p>\n","protected":false},"author":1,"featured_media":0,"parent":0,"menu_order":0,"comment_status":"closed","ping_status":"closed","template":"","meta":{"footnotes":""},"class_list":["post-1505","page","type-page","status-publish","hentry"],"_links":{"self":[{"href":"https:\/\/sangeru.europrahova.eu\/wordpress\/wp-json\/wp\/v2\/pages\/1505","targetHints":{"allow":["GET"]}}],"collection":[{"href":"https:\/\/sangeru.europrahova.eu\/wordpress\/wp-json\/wp\/v2\/pages"}],"about":[{"href":"https:\/\/sangeru.europrahova.eu\/wordpress\/wp-json\/wp\/v2\/types\/page"}],"author":[{"embeddable":true,"href":"https:\/\/sangeru.europrahova.eu\/wordpress\/wp-json\/wp\/v2\/users\/1"}],"replies":[{"embeddable":true,"href":"https:\/\/sangeru.europrahova.eu\/wordpress\/wp-json\/wp\/v2\/comments?post=1505"}],"version-history":[{"count":51,"href":"https:\/\/sangeru.europrahova.eu\/wordpress\/wp-json\/wp\/v2\/pages\/1505\/revisions"}],"predecessor-version":[{"id":3975,"href":"https:\/\/sangeru.europrahova.eu\/wordpress\/wp-json\/wp\/v2\/pages\/1505\/revisions\/3975"}],"wp:attachment":[{"href":"https:\/\/sangeru.europrahova.eu\/wordpress\/wp-json\/wp\/v2\/media?parent=1505"}],"curies":[{"name":"wp","href":"https:\/\/api.w.org\/{rel}","templated":true}]}}