{"id":54,"date":"2015-03-25T06:14:02","date_gmt":"2015-03-25T06:14:02","guid":{"rendered":"http:\/\/iordacheanu.europrahova.eu\/wordpress\/?page_id=54"},"modified":"2015-05-25T08:41:46","modified_gmt":"2015-05-25T08:41:46","slug":"prezentare","status":"publish","type":"page","link":"https:\/\/sangeru.europrahova.eu\/wordpress\/prezentare\/","title":{"rendered":"Prezentare"},"content":{"rendered":"<p>Denumirea Sangeru apare \u00een documente abia dupa 1750 si se pare ca se trage de la dejugatoarea din preajma unui arbust de sanger, care depasea proportiile normale ale unei plante de acest soi (din familia cornaceelor), \u00eenalt pana la 4 m, cu ramuri purpurii (uneori pe o parte verzui), frunze opuse, ovale sau eliptice, flori albe \u00een cime umbeliforme si cu fructe drupe sferice negricioase \u2013 (Cornus sanguinea).<\/p>\n<p>Dintr-un hrisov dat de Matei Basarab manastirii Apostolache, la 25 iul. 1652, reiese ca vechiul nume al localitatii Sangeru era: Fundeni (vezi DIR, XVII, vol. 1, l. 380-381 si 510, vol. 2, p. 436-450). Denumirea aceasta, se pare, este mai veche si explica situarea comunei \u00een cadrul judetului. \u00cen acest caz, ea aparea \u00een documentele tarii Romanesti de pe la \u00eenceputul veacului al XV-lea. Faptul ca acesta era vechiul sau nume e confirmat si de o \u00eensemnare din 5 mai 1749 de pe vremea lui Grigore Ghica.<\/p>\n<p>Comuna este formata din satele: Sangeru (resedinta \u2013 situata oarecum central), Butuci, Miresu Mare, Miresu Mic, Piatra Mica si Tisa.<\/p>\n<p>Principalele cursuri de apa care traverseaza comuna sunt:<br \/>\nRaurile :Cricovul Sarat, Cricovul Dulce<br \/>\nParaurile : Saratica,Calugarel, Salcia<\/p>\n","protected":false},"excerpt":{"rendered":"<p>Denumirea Sangeru apare \u00een documente abia dupa 1750 si se pare ca se trage de la dejugatoarea din preajma unui arbust de sanger, care depasea proportiile normale ale unei plante de acest soi (din familia cornaceelor), \u00eenalt pana la 4 m, cu ramuri purpurii (uneori pe o parte verzui), frunze opuse, ovale sau eliptice, flori <a class=\"continue\" href=\"https:\/\/sangeru.europrahova.eu\/wordpress\/prezentare\/\">[Continue]<\/a><\/p>\n","protected":false},"author":1,"featured_media":0,"parent":0,"menu_order":0,"comment_status":"open","ping_status":"open","template":"","meta":{"footnotes":""},"class_list":["post-54","page","type-page","status-publish","hentry"],"_links":{"self":[{"href":"https:\/\/sangeru.europrahova.eu\/wordpress\/wp-json\/wp\/v2\/pages\/54","targetHints":{"allow":["GET"]}}],"collection":[{"href":"https:\/\/sangeru.europrahova.eu\/wordpress\/wp-json\/wp\/v2\/pages"}],"about":[{"href":"https:\/\/sangeru.europrahova.eu\/wordpress\/wp-json\/wp\/v2\/types\/page"}],"author":[{"embeddable":true,"href":"https:\/\/sangeru.europrahova.eu\/wordpress\/wp-json\/wp\/v2\/users\/1"}],"replies":[{"embeddable":true,"href":"https:\/\/sangeru.europrahova.eu\/wordpress\/wp-json\/wp\/v2\/comments?post=54"}],"version-history":[{"count":5,"href":"https:\/\/sangeru.europrahova.eu\/wordpress\/wp-json\/wp\/v2\/pages\/54\/revisions"}],"predecessor-version":[{"id":246,"href":"https:\/\/sangeru.europrahova.eu\/wordpress\/wp-json\/wp\/v2\/pages\/54\/revisions\/246"}],"wp:attachment":[{"href":"https:\/\/sangeru.europrahova.eu\/wordpress\/wp-json\/wp\/v2\/media?parent=54"}],"curies":[{"name":"wp","href":"https:\/\/api.w.org\/{rel}","templated":true}]}}